{"id":360,"date":"2025-01-20T21:48:31","date_gmt":"2025-01-20T21:48:31","guid":{"rendered":"https:\/\/sofiatools.com\/RevistaToolbar\/?post_type=product&#038;p=360"},"modified":"2025-02-01T05:00:27","modified_gmt":"2025-02-01T05:00:27","slug":"revista-agosto-2024","status":"publish","type":"product","link":"https:\/\/revistatoolbar.com\/RevistaToolbar\/product\/revista-agosto-2024\/","title":{"rendered":"Revista Agosto 2024"},"content":{"rendered":"","protected":false},"excerpt":{"rendered":"<p>Este mes de la Revista Toolbar, exploramos la inteligencia artificial en busca de la singularidad tecnol\u00f3gica, donde las m\u00e1quinas podr\u00edan superar la inteligencia humana. Destacamos el impacto de las redes neuronales convolucionales (CNNs) en el reconocimiento de im\u00e1genes y la visi\u00f3n por computadora, y la importancia de la ciberseguridad cu\u00e1ntica para proteger sistemas en un futuro tecnol\u00f3gico avanzado. Adem\u00e1s, reflexionamos sobre los desaf\u00edos y oportunidades que surgen con la convergencia de la IA y la computaci\u00f3n cu\u00e1ntica, asimismo presentamos a \u00c1ngel Molina Laguna, un destacado profesional en Anal\u00edtica de Datos e Inteligencia Artificial, quien nos comparte su vasto conocimiento sobre el an\u00e1lisis de datos y su apasionante carrera en IA, adem\u00e1s de ofrecer valiosas perspectivas sobre las herramientas m\u00e1s innovadoras en este campo.<\/p>\n","protected":false},"featured_media":446,"comment_status":"open","ping_status":"closed","template":"","meta":{"pagelayer_contact_templates":[],"_pagelayer_content":""},"product_brand":[],"product_cat":[39],"product_tag":[42],"class_list":{"0":"post-360","1":"product","2":"type-product","3":"status-publish","4":"has-post-thumbnail","6":"product_cat-revista","7":"product_tag-agosto","9":"first","10":"instock","11":"sale","12":"downloadable","13":"virtual","14":"purchasable","15":"product-type-simple"},"jetpack_sharing_enabled":true,"_links":{"self":[{"href":"https:\/\/revistatoolbar.com\/RevistaToolbar\/wp-json\/wp\/v2\/product\/360","targetHints":{"allow":["GET"]}}],"collection":[{"href":"https:\/\/revistatoolbar.com\/RevistaToolbar\/wp-json\/wp\/v2\/product"}],"about":[{"href":"https:\/\/revistatoolbar.com\/RevistaToolbar\/wp-json\/wp\/v2\/types\/product"}],"replies":[{"embeddable":true,"href":"https:\/\/revistatoolbar.com\/RevistaToolbar\/wp-json\/wp\/v2\/comments?post=360"}],"wp:featuredmedia":[{"embeddable":true,"href":"https:\/\/revistatoolbar.com\/RevistaToolbar\/wp-json\/wp\/v2\/media\/446"}],"wp:attachment":[{"href":"https:\/\/revistatoolbar.com\/RevistaToolbar\/wp-json\/wp\/v2\/media?parent=360"}],"wp:term":[{"taxonomy":"product_brand","embeddable":true,"href":"https:\/\/revistatoolbar.com\/RevistaToolbar\/wp-json\/wp\/v2\/product_brand?post=360"},{"taxonomy":"product_cat","embeddable":true,"href":"https:\/\/revistatoolbar.com\/RevistaToolbar\/wp-json\/wp\/v2\/product_cat?post=360"},{"taxonomy":"product_tag","embeddable":true,"href":"https:\/\/revistatoolbar.com\/RevistaToolbar\/wp-json\/wp\/v2\/product_tag?post=360"}],"curies":[{"name":"wp","href":"https:\/\/api.w.org\/{rel}","templated":true}]}}