{"id":355,"date":"2025-01-20T18:29:52","date_gmt":"2025-01-20T18:29:52","guid":{"rendered":"https:\/\/sofiatools.com\/RevistaToolbar\/?post_type=product&#038;p=355"},"modified":"2025-01-22T17:56:25","modified_gmt":"2025-01-22T17:56:25","slug":"revista-marzo-2024","status":"publish","type":"product","link":"https:\/\/revistatoolbar.com\/RevistaToolbar\/product\/revista-marzo-2024\/","title":{"rendered":"Revista Marzo 2024"},"content":{"rendered":"","protected":false},"excerpt":{"rendered":"<p>La edici\u00f3n de Revista ToolBar invita a explorar su secci\u00f3n de Inteligencia Artificial, abordando temas como el aprendizaje autom\u00e1tico federado y la Teor\u00eda del juego, adem\u00e1s de los nuevos paradigmas tecnol\u00f3gicos en su secci\u00f3n de Innovaci\u00f3n. Tambi\u00e9n destaca la historia de su Visionaria del mes Marta Fern\u00e1ndez Garc\u00eda, ingeniera inform\u00e1tica espa\u00f1ola que destaca por su trayectoria en Ciencia de Datos y aprendizaje autom\u00e1tico. Su pasi\u00f3n por la tecnolog\u00eda y su experiencia en Inteligencia Artificial la convierten en una l\u00edder inspiradora en el \u00e1mbito tecnol\u00f3gico.<\/p>\n","protected":false},"featured_media":439,"comment_status":"open","ping_status":"closed","template":"","meta":{"pagelayer_contact_templates":[],"_pagelayer_content":""},"product_brand":[],"product_cat":[39],"product_tag":[49],"class_list":{"0":"post-355","1":"product","2":"type-product","3":"status-publish","4":"has-post-thumbnail","6":"product_cat-revista","7":"product_tag-marzo","9":"first","10":"instock","11":"sale","12":"downloadable","13":"virtual","14":"purchasable","15":"product-type-simple"},"jetpack_sharing_enabled":true,"_links":{"self":[{"href":"https:\/\/revistatoolbar.com\/RevistaToolbar\/wp-json\/wp\/v2\/product\/355","targetHints":{"allow":["GET"]}}],"collection":[{"href":"https:\/\/revistatoolbar.com\/RevistaToolbar\/wp-json\/wp\/v2\/product"}],"about":[{"href":"https:\/\/revistatoolbar.com\/RevistaToolbar\/wp-json\/wp\/v2\/types\/product"}],"replies":[{"embeddable":true,"href":"https:\/\/revistatoolbar.com\/RevistaToolbar\/wp-json\/wp\/v2\/comments?post=355"}],"wp:featuredmedia":[{"embeddable":true,"href":"https:\/\/revistatoolbar.com\/RevistaToolbar\/wp-json\/wp\/v2\/media\/439"}],"wp:attachment":[{"href":"https:\/\/revistatoolbar.com\/RevistaToolbar\/wp-json\/wp\/v2\/media?parent=355"}],"wp:term":[{"taxonomy":"product_brand","embeddable":true,"href":"https:\/\/revistatoolbar.com\/RevistaToolbar\/wp-json\/wp\/v2\/product_brand?post=355"},{"taxonomy":"product_cat","embeddable":true,"href":"https:\/\/revistatoolbar.com\/RevistaToolbar\/wp-json\/wp\/v2\/product_cat?post=355"},{"taxonomy":"product_tag","embeddable":true,"href":"https:\/\/revistatoolbar.com\/RevistaToolbar\/wp-json\/wp\/v2\/product_tag?post=355"}],"curies":[{"name":"wp","href":"https:\/\/api.w.org\/{rel}","templated":true}]}}