{"id":352,"date":"2025-01-20T17:56:31","date_gmt":"2025-01-20T17:56:31","guid":{"rendered":"https:\/\/sofiatools.com\/RevistaToolbar\/?post_type=product&#038;p=352"},"modified":"2025-01-22T18:39:59","modified_gmt":"2025-01-22T18:39:59","slug":"revista-enero-2022","status":"publish","type":"product","link":"https:\/\/revistatoolbar.com\/RevistaToolbar\/product\/revista-enero-2022\/","title":{"rendered":"Revista Enero 2022"},"content":{"rendered":"","protected":false},"excerpt":{"rendered":"<p>Recibiendo el 2022 con entusiasmo, Revista ToolBar invita a sus lectores a incluir como prop\u00f3sito aumentar su conocimiento sobre los avances tecnol\u00f3gicos y la inform\u00e1tica, que contin\u00faan transformando el mundo. Este n\u00famero destaca temas como la conquista espacial y la Inteligencia Artificial, junto con habilidades clave para resolver desaf\u00edos en Programming World. Adem\u00e1s, Gamers on presenta herramientas esenciales para el desarrollo de juegos. Descubre la historia Carlos Roberto Contreras, quien con m\u00e1s de 12 a\u00f1os de experiencia en inform\u00e1tica nos cuenta su inter\u00e9s en hardware y programaci\u00f3n, destac\u00e1ndose como un visionario que motiva a otros a afrontar los retos con determinaci\u00f3n y simplicidad<\/p>\n","protected":false},"featured_media":451,"comment_status":"open","ping_status":"closed","template":"","meta":{"pagelayer_contact_templates":[],"_pagelayer_content":""},"product_brand":[],"product_cat":[39],"product_tag":[48],"class_list":{"0":"post-352","1":"product","2":"type-product","3":"status-publish","4":"has-post-thumbnail","6":"product_cat-revista","7":"product_tag-enero","9":"first","10":"instock","11":"sale","12":"downloadable","13":"virtual","14":"purchasable","15":"product-type-simple"},"jetpack_sharing_enabled":true,"_links":{"self":[{"href":"https:\/\/revistatoolbar.com\/RevistaToolbar\/wp-json\/wp\/v2\/product\/352","targetHints":{"allow":["GET"]}}],"collection":[{"href":"https:\/\/revistatoolbar.com\/RevistaToolbar\/wp-json\/wp\/v2\/product"}],"about":[{"href":"https:\/\/revistatoolbar.com\/RevistaToolbar\/wp-json\/wp\/v2\/types\/product"}],"replies":[{"embeddable":true,"href":"https:\/\/revistatoolbar.com\/RevistaToolbar\/wp-json\/wp\/v2\/comments?post=352"}],"wp:featuredmedia":[{"embeddable":true,"href":"https:\/\/revistatoolbar.com\/RevistaToolbar\/wp-json\/wp\/v2\/media\/451"}],"wp:attachment":[{"href":"https:\/\/revistatoolbar.com\/RevistaToolbar\/wp-json\/wp\/v2\/media?parent=352"}],"wp:term":[{"taxonomy":"product_brand","embeddable":true,"href":"https:\/\/revistatoolbar.com\/RevistaToolbar\/wp-json\/wp\/v2\/product_brand?post=352"},{"taxonomy":"product_cat","embeddable":true,"href":"https:\/\/revistatoolbar.com\/RevistaToolbar\/wp-json\/wp\/v2\/product_cat?post=352"},{"taxonomy":"product_tag","embeddable":true,"href":"https:\/\/revistatoolbar.com\/RevistaToolbar\/wp-json\/wp\/v2\/product_tag?post=352"}],"curies":[{"name":"wp","href":"https:\/\/api.w.org\/{rel}","templated":true}]}}