{"id":55,"date":"2023-04-28T16:38:02","date_gmt":"2023-04-28T16:38:02","guid":{"rendered":"https:\/\/sofiatools.com\/RevistaToolbar\/about-2\/"},"modified":"2025-02-13T20:49:25","modified_gmt":"2025-02-13T20:49:25","slug":"about-2","status":"publish","type":"page","link":"https:\/\/revistatoolbar.com\/RevistaToolbar\/about-2\/","title":{"rendered":"Acerca de Nosotros"},"content":{"rendered":"\n\n\n<h2>misi\u00d3n<\/h2>\n<p style=\"text-align: justify;\">Ofrecer a nuestros lectores una experiencia \u00fanica al compartir informaci\u00f3n cient\u00edfica y tecnol\u00f3gica de alta calidad en inteligencia artificial y computaci\u00f3n cu\u00e1ntica, complementada con las experiencias y perspectivas personales de los autores en investigaci\u00f3n e innovaci\u00f3n. Nuestra misi\u00f3n es ser una plataforma inclusiva, intercultural y multicultural que acerque estas tecnolog\u00edas de vanguardia a la comunidad hispanohablante, conectando a cient\u00edficos, tecn\u00f3logos y entusiastas con el p\u00fablico en general a trav\u00e9s de historias inspiradoras, conocimiento pr\u00e1ctico y una plataforma digital innovadora y accesible para todos.<br><\/p>\n\n\n<h2>visi\u00d3n<\/h2>\n<p data-start=\"47\" data-end=\"828\" style=\"text-align: justify;\">Ser la revista digital l\u00edder en inteligencia artificial y computaci\u00f3n cu\u00e1ntica para el p\u00fablico de habla hispana, reconocida por acercar estos avances de vanguardia a una audiencia global. Nos esforzamos por destacar y contextualizar los desarrollos cient\u00edficos y tecnol\u00f3gicos m\u00e1s relevantes, present\u00e1ndolos de manera accesible y a trav\u00e9s de las experiencias personales y perspectivas \u00fanicas de los autores. Aspiramos a inspirar y empoderar a nuestras audiencias, promoviendo la inclusi\u00f3n, la diversidad y la interculturalidad, mientras fortalecemos la difusi\u00f3n de estas tecnolog\u00edas en espa\u00f1ol. Buscamos construir alianzas estrat\u00e9gicas con expertos, instituciones y comunidades para ser un referente en la educaci\u00f3n, la innovaci\u00f3n y el progreso tecnol\u00f3gico.<\/p>\n\n\n\n\n<h2>alcance y objetivo<\/h2>\n<p data-start=\"71\" data-end=\"374\" style=\"text-align: justify;\"><strong data-start=\"71\" data-end=\"90\">Nuestro alcance<\/strong><br data-start=\"90\" data-end=\"93\">Somos una revista especializada en Inteligencia Artificial y Computaci\u00f3n Cu\u00e1ntica, dedicada a divulgar conocimientos avanzados y novedades de estas tecnolog\u00edas en espa\u00f1ol. Queremos ser un puente entre la innovaci\u00f3n tecnol\u00f3gica y las comunidades de habla hispana en todo el mundo.<\/p>\n<p data-start=\"376\" data-end=\"699\" style=\"text-align: justify;\"><strong data-start=\"376\" data-end=\"396\">Nuestro objetivo<\/strong><br data-start=\"396\" data-end=\"399\">Inspirar y educar a un p\u00fablico global, llegando a estudiantes, profesionales e investigadores que buscan informaci\u00f3n confiable y de calidad en espa\u00f1ol sobre IA y computaci\u00f3n cu\u00e1ntica. Nos esforzamos por democratizar el acceso al conocimiento en estos campos, promoviendo su desarrollo y aplicaci\u00f3n.<\/p><p data-start=\"701\" data-end=\"965\"><br><\/p>\n\n\n<h2>distribuci\u00f3n<\/h2>\n<p data-start=\"47\" data-end=\"828\" style=\"text-align: justify;\"><br data-start=\"725\" data-end=\"728\">Publicamos de forma 100% digital, alcanzando a lectores de diversos pa\u00edses a trav\u00e9s de nuestro sitio web y canales de difusi\u00f3n. Esto nos permite llegar de manera \u00e1gil y sostenible a una audiencia internacional en constante crecimiento.<\/p>\n\n\n\n\n<h4>Conoce a nuestros colaboradores<\/h4>\n<h4>edgar rodr\u00cdguez<\/h4>\n<p style=\"text-align: justify;\">Ingeniero en Sistemas de Informaci\u00f3n y Ciencias de la Computaci\u00f3n con m\u00e1s de 30 a\u00f1os de experiencia, Maestr\u00eda en Inteligencia Artificial en la Universidad UNIR de M\u00e9xico y&nbsp; Master en Sistemas Inteligentes en UNIR de Espa\u00f1a.&nbsp;<\/p>\n<p style=\"text-align: justify;\">As\u00ed mismo, cuenta con varios diplomados orientados a la inteligencia artificial, campo en el cual ha realizado investigaciones y es aficionado a la f\u00edsica cu\u00e1ntica. Ha dirigido equipos tecnol\u00f3gicos e implementado sistemas inform\u00e1ticos orientados a los servicios bancarios, comunicaciones, tarjetas de cr\u00e9dito, laboratorios biol\u00f3gicos, algoritmos de inteligencia artificial,&nbsp; entre otros.<\/p><p style=\"text-align: center;\"><br><\/p><p style=\"text-align: justify;\">Adicionalmente, es artista visual especializado en escultura, \u00e1rea en la que ha ganado&nbsp; concursos y participado en exposiciones art\u00edsticas donde fusiona su pasi\u00f3n por la ciencia y el arte.<\/p>\n\n\n\n\n\n\n\n\n\n\n\n\n\n<h4>evelyn orellana<\/h4>\n<p style=\"text-align: justify;\">CoFundadora y editora principal de Revista Toolbar,&nbsp; es Ingeniera en Sistemas de Informaci\u00f3n y Ciencias de la Computaci\u00f3n con Maestr\u00eda en Inteligencia Artificial de Unir M\u00e9xico y Master en Sistemas Inteligentes de Unir Espa\u00f1a. As\u00ed mismo, cuenta con diplomados en orientados a la inteligencia artificial.&nbsp; &nbsp;Su experiencia laboral es de m\u00e1s de 25 a\u00f1os en inform\u00e1tica, ha laborado en procesos de migraci\u00f3n de sistemas de alta transaccionalidad, manejo de bigdata, ETLs. Se desempe\u00f1\u00f3 como webmaster e implement\u00f3 m\u00e1s de 100 sitios web.<\/p>\n<p style=\"text-align: justify;\">Ha participado en la direcci\u00f3n y gesti\u00f3n de proyectos, QA, asesor\u00edas y consultor\u00edas, implementaciones de proyectos en todas sus fases y trabajado en conjunto con Edgar Rodr\u00edguez en&nbsp; desarrollo de software&nbsp; e investigaci\u00f3n en Inteligencia Artificial.&nbsp;<\/p>\n<p>Tambi\u00e9n cuenta con diplomados en metabolismo y practica la medicina natural, yoga y senderismo.<\/p>\n\n\n\n\n<h4>vivian rodr\u00cdguez<\/h4>\n<p style=\"text-align: justify;\">Colaboradora en redacci\u00f3n de art\u00edculos para&nbsp; Revista Toolbar, es&nbsp; estudiante destacada de Ingenieria en Sistemas, gamer y autodidacta en el desarrollo de aplicativos orientados a los juegos.&nbsp;&nbsp;<\/p><p style=\"text-align: center;\"><br><\/p><p style=\"text-align: justify;\">Joven y apasionada, tambi\u00e9n es medallista de Jujitsu y practicante de piano y violin.&nbsp;&nbsp;<\/p>\n\n\n\n\n\n\n\n\nTOOLBAR, donde la inteligencia artificial y la computaci\u00f3n cu\u00e1ntica hablan espa\u00f1ol.\n\n\n","protected":false},"excerpt":{"rendered":"","protected":false},"author":1,"featured_media":0,"parent":0,"menu_order":0,"comment_status":"closed","ping_status":"closed","template":"","meta":{"pagelayer_contact_templates":[],"_pagelayer_content":"","footnotes":""},"class_list":["post-55","page","type-page","status-publish","hentry"],"jetpack_sharing_enabled":true,"_links":{"self":[{"href":"https:\/\/revistatoolbar.com\/RevistaToolbar\/wp-json\/wp\/v2\/pages\/55","targetHints":{"allow":["GET"]}}],"collection":[{"href":"https:\/\/revistatoolbar.com\/RevistaToolbar\/wp-json\/wp\/v2\/pages"}],"about":[{"href":"https:\/\/revistatoolbar.com\/RevistaToolbar\/wp-json\/wp\/v2\/types\/page"}],"author":[{"embeddable":true,"href":"https:\/\/revistatoolbar.com\/RevistaToolbar\/wp-json\/wp\/v2\/users\/1"}],"replies":[{"embeddable":true,"href":"https:\/\/revistatoolbar.com\/RevistaToolbar\/wp-json\/wp\/v2\/comments?post=55"}],"version-history":[{"count":27,"href":"https:\/\/revistatoolbar.com\/RevistaToolbar\/wp-json\/wp\/v2\/pages\/55\/revisions"}],"predecessor-version":[{"id":477,"href":"https:\/\/revistatoolbar.com\/RevistaToolbar\/wp-json\/wp\/v2\/pages\/55\/revisions\/477"}],"wp:attachment":[{"href":"https:\/\/revistatoolbar.com\/RevistaToolbar\/wp-json\/wp\/v2\/media?parent=55"}],"curies":[{"name":"wp","href":"https:\/\/api.w.org\/{rel}","templated":true}]}}